{"id":21778,"date":"2025-02-01T18:12:10","date_gmt":"2025-02-01T18:12:10","guid":{"rendered":"https:\/\/places-norway.com\/?page_id=21778"},"modified":"2026-03-14T12:38:43","modified_gmt":"2026-03-14T12:38:43","slug":"about","status":"publish","type":"page","link":"https:\/\/citymax.net\/norway\/about\/","title":{"rendered":"Om oss"},"content":{"rendered":"<div class=\"fusion-fullwidth fullwidth-box fusion-builder-row-1 fusion-flex-container has-pattern-background has-mask-background nonhundred-percent-fullwidth non-hundred-percent-height-scrolling\" style=\"background-color: rgba(255,255,255,0);background-position: center center;background-repeat: no-repeat;border-width: 0px 0px 0px 0px;border-color:var(--awb-color3);border-style:solid;\" ><div class=\"fusion-builder-row fusion-row fusion-flex-align-items-flex-start fusion-flex-justify-content-center\" style=\"max-width:1352px;margin-left: calc(-4% \/ 2 );margin-right: calc(-4% \/ 2 );\"><div class=\"fusion-layout-column fusion_builder_column fusion-builder-column-0 fusion_builder_column_4_5 4_5 fusion-flex-column\"><div class=\"fusion-column-wrapper fusion-flex-justify-content-flex-start fusion-content-layout-column\" style=\"background-position:left top;background-repeat:no-repeat;-webkit-background-size:cover;-moz-background-size:cover;-o-background-size:cover;background-size:cover;padding: 0px 0px 0px 0px;\"><div class=\"fusion-text fusion-text-1\"><p><img decoding=\"async\" class=\"alignleft\" src=\"https:\/\/citymax.net\/norway\/wp-content\/uploads\/2026\/03\/norw-index.webp\" alt=\"\" width=\"270\" height=\"270\" \/>Velkommen til nettsiden til &#8220;CITYMAX Norge&#8221; en ledende nettressurs som samler et bredt utvalg av spisesteder fra hele landet. Denne plattformen ble opprettet med m\u00e5l om \u00e5 st\u00f8tte og fremme den levende mat- og gjestfrihetssektoren i Norge.<\/p>\n<p>Med denne siden har vi som m\u00e5l \u00e5 gi bes\u00f8kende enkel tilgang til de beste spisestedene i Norge. For bedriftseiere fungerer det som et kraftig tilleggsannonseringsverkt\u00f8y for \u00e5 tiltrekke seg flere kunder og utvide virksomheten deres.<\/p>\n<p>Norge kan skilte med et rikt og mangfoldig kulinarisk landskap, hvor du kan oppleve et bredt spekter av lokale delikatesser samt p\u00e5virkninger fra kj\u00f8kken over hele verden. I travle byer som Oslo, Bergen og Stavanger finner du restauranter som serverer alt fra tradisjonelle norske retter som Raspeballer (potetboller) og Koldtbord (norsk sm\u00f8rebord) til internasjonale smaker fra italiensk, Midt\u00f8sten, kinesisk og til og med vestlig mat.<\/p>\n<p>Guiden v\u00e5r oppdateres jevnlig med ferske oppf\u00f8ringer, noe som sikrer at du har den mest n\u00f8yaktige og oppdaterte informasjonen. Vi streber etter \u00e5 v\u00e6re din p\u00e5litelige kilde for \u00e5 oppdage nye spisesteder, og vi er forpliktet til \u00e5 hjelpe deg med \u00e5 skape varme, innbydende og minneverdige opplevelser hjemme og i dine spisesteder.<\/p>\n<\/div><\/div><style type=\"text\/css\">.fusion-body .fusion-builder-column-0{width:80% !important;margin-top : 0px;margin-bottom : 0px;}.fusion-builder-column-0 > .fusion-column-wrapper {padding-top : 0px !important;padding-right : 0px !important;margin-right : 2.4%;padding-bottom : 0px !important;padding-left : 0px !important;margin-left : 2.4%;}@media only screen and (max-width:1024px) {.fusion-body .fusion-builder-column-0{width:80% !important;}.fusion-builder-column-0 > .fusion-column-wrapper {margin-right : 2.4%;margin-left : 2.4%;}}@media only screen and (max-width:640px) {.fusion-body .fusion-builder-column-0{width:100% !important;}.fusion-builder-column-0 > .fusion-column-wrapper {margin-right : 1.92%;margin-left : 1.92%;}}<\/style><\/div><\/div><style type=\"text\/css\">.fusion-body .fusion-flex-container.fusion-builder-row-1{ padding-top : 0px;margin-top : 0px;padding-right : 0px;padding-bottom : 0px;margin-bottom : 0px;padding-left : 0px;}<\/style><\/div>\n","protected":false},"excerpt":{"rendered":"","protected":false},"author":1,"featured_media":0,"parent":0,"menu_order":0,"comment_status":"closed","ping_status":"closed","template":"100-width.php","meta":{"_acf_changed":false,"footnotes":""},"class_list":["post-21778","page","type-page","status-publish","hentry"],"acf":[],"_links":{"self":[{"href":"https:\/\/citymax.net\/norway\/wp-json\/wp\/v2\/pages\/21778","targetHints":{"allow":["GET"]}}],"collection":[{"href":"https:\/\/citymax.net\/norway\/wp-json\/wp\/v2\/pages"}],"about":[{"href":"https:\/\/citymax.net\/norway\/wp-json\/wp\/v2\/types\/page"}],"author":[{"embeddable":true,"href":"https:\/\/citymax.net\/norway\/wp-json\/wp\/v2\/users\/1"}],"replies":[{"embeddable":true,"href":"https:\/\/citymax.net\/norway\/wp-json\/wp\/v2\/comments?post=21778"}],"version-history":[{"count":5,"href":"https:\/\/citymax.net\/norway\/wp-json\/wp\/v2\/pages\/21778\/revisions"}],"predecessor-version":[{"id":21791,"href":"https:\/\/citymax.net\/norway\/wp-json\/wp\/v2\/pages\/21778\/revisions\/21791"}],"wp:attachment":[{"href":"https:\/\/citymax.net\/norway\/wp-json\/wp\/v2\/media?parent=21778"}],"curies":[{"name":"wp","href":"https:\/\/api.w.org\/{rel}","templated":true}]}}